{"id":1001,"date":"2019-07-07T12:46:37","date_gmt":"2019-07-07T12:46:37","guid":{"rendered":"http:\/\/iga.exnet.cloud\/?page_id=1001"},"modified":"2019-07-12T09:33:18","modified_gmt":"2019-07-12T09:33:18","slug":"klijenti","status":"publish","type":"page","link":"https:\/\/iga.gov.ba\/en\/klijenti\/","title":{"rendered":"Clients"},"content":{"rendered":"<hr class=\"wp-block-separator\"\/>\n\n\n\n<table class=\"wp-block-table\"><tbody><tr><td><a target=\"_blank\" href=\"http:\/\/www.energoinvest.ba\/\" rel=\"noreferrer noopener\"><\/a><\/td><td>Enegroinvest d.d. Sarajevo<br>Hamdije \u0106emerli\u0107a 2, 71000 Sarajevo<br>Multi disciplinary engineering<br><\/td><\/tr><tr><td><a target=\"_blank\" href=\"http:\/\/www.helios.com.ba\/\" rel=\"noreferrer noopener\"><\/a><\/td><td>Helios d.d. Banovi\u0107i<br>Radni\u010dka 101, 75290 Banovi\u0107i<br>Heating devices<br><\/td><\/tr><tr><td><a target=\"_blank\" href=\"http:\/\/www.shpgroup.eu\/servlets\/page\/1817?cat_id=677&amp;page_id=552&amp;lang_id=3\" rel=\"noreferrer noopener\"><\/a><\/td><td>SHP Celex a.d. Banja Luka<br>Veljka Mladenovi\u0107a b.b., 78800 Banja Luka<br>Hygienic paper products<br><\/td><\/tr><tr><td><a target=\"_blank\" href=\"http:\/\/www.klas.ba\/page.php?id=51\" rel=\"noreferrer noopener\"><\/a><\/td><td>Klas d.d. Sarajevo<br>Paromlinska 43, 71000 Sarajevo<br>Food industry<br><\/td><\/tr><tr><td><a target=\"_blank\" href=\"http:\/\/www.novaforma-furniture.com\/\" rel=\"noreferrer noopener\"><\/a><\/td><td>Nova Forma d.o.o. \u0160amac<br>Cara Du\u0161ana 45, 76230 \u0160amac<br>Furniture production<br><\/td><\/tr><tr><td><a target=\"_blank\" href=\"http:\/\/www.sirbegovic.com\/\" rel=\"noreferrer noopener\"><\/a><\/td><td>\u0160irbegovi\u0107 d.o.o. Gra\u010danica<br>Patriotske Lige b.b., 75320 Gra\u010danica<br>Design, engineering<br>Construction<br><\/td><\/tr><tr><td><a target=\"_blank\" href=\"http:\/\/www.vispak.ba\/?lg=ba\" rel=\"noreferrer noopener\"><\/a><\/td><td>Vispak d.d. Visoko<br>Ozrakovi\u0107i b.b., 71300 Visoko<br>Food industry<br><\/td><\/tr><tr><td><a target=\"_blank\" href=\"http:\/\/www.gataric.net\/\" rel=\"noreferrer noopener\"><\/a><\/td><td>Gatari\u0107 d.o.o. Derventa<br>Kninska b.b., 74400 Derventa<br>Distributer<br>Office and school supplies<br><\/td><\/tr><tr><td><a target=\"_blank\" href=\"http:\/\/www.intal-milici.com\/\" rel=\"noreferrer noopener\"><\/a><\/td><td>Intal a.d. Mili\u0107i<br>Bir\u010danska b.b., 75466 Mili\u0107i<br>Assembly houses<br><\/td><\/tr><tr><td><a target=\"_blank\" href=\"http:\/\/www.feal.ba\/\" rel=\"noreferrer noopener\"><\/a><\/td><td>Feal d.o.o. \u0160iroki Brijeg<br>Trnska Cesta 146, 88220 \u0160iroki Brijeg<br>Aluminum products<br><\/td><\/tr><tr><td><a target=\"_blank\" href=\"http:\/\/www.livnicajelsingrad.com\/\" rel=\"noreferrer noopener\"><\/a><\/td><td>Jel\u0161ingrad Livar livnica \u010delika a.d. Banja Luka<br>Brace Podgornika 8, 78800 Banja Luka<br>Steel foundry<br><\/td><\/tr><tr><td><a target=\"_blank\" href=\"http:\/\/www.pims-bh.com\/\" rel=\"noreferrer noopener\"><\/a><\/td><td>Pims d.o.o. Sarajevo<br>Binje\u017eevo Lige b.b., 71000 Sarajevo<br>Food products distribution<br><\/td><\/tr><tr><td><a target=\"_blank\" href=\"http:\/\/suman.ba\/bos\/index.php\" rel=\"noreferrer noopener\"><\/a><\/td><td>Suman d.o.o. Gra\u010danica<br>Branilaca Grada b.b., 75320 Gra\u010danica<br>Sun protection devices<br><\/td><\/tr><tr><td><a target=\"_blank\" href=\"http:\/\/www.vegafruit.ba\/\" rel=\"noreferrer noopener\"><\/a><\/td><td>\u0160irbegovi\u0107 d.o.o. Gra\u010danica<br>Brijesnica Mala, 75320 Gra\u010danica<br>Food industry<br><\/td><\/tr><tr><td><\/td><td>Meggle Mljekara d.o.o. Biha\u0107<br>Grabe\u0161ka 34, 77000 Biha\u0107<br>Milk and diery products<\/td><\/tr><\/tbody><\/table>","protected":false},"excerpt":{"rendered":"<p>Enegroinvest d.d. SarajevoHamdije \u0106emerli\u0107a 2, 71000 SarajevoMulti disciplinary engineering Helios d.d. Banovi\u0107iRadni\u010dka 101, 75290 Banovi\u0107iHeating devices SHP Celex a.d. Banja LukaVeljka Mladenovi\u0107a b.b., 78800 Banja LukaHygienic paper products Klas d.d. SarajevoParomlinska 43, 71000 SarajevoFood industry Nova Forma d.o.o. \u0160amacCara Du\u0161ana 45, 76230 \u0160amacFurniture production \u0160irbegovi\u0107 d.o.o. Gra\u010danicaPatriotske Lige b.b., 75320 Gra\u010danicaDesign, engineeringConstruction Vispak d.d. VisokoOzrakovi\u0107i [&hellip;]<\/p>","protected":false},"author":1,"featured_media":0,"parent":0,"menu_order":0,"comment_status":"closed","ping_status":"closed","template":"","meta":{"footnotes":""},"_links":{"self":[{"href":"https:\/\/iga.gov.ba\/en\/wp-json\/wp\/v2\/pages\/1001"}],"collection":[{"href":"https:\/\/iga.gov.ba\/en\/wp-json\/wp\/v2\/pages"}],"about":[{"href":"https:\/\/iga.gov.ba\/en\/wp-json\/wp\/v2\/types\/page"}],"author":[{"embeddable":true,"href":"https:\/\/iga.gov.ba\/en\/wp-json\/wp\/v2\/users\/1"}],"replies":[{"embeddable":true,"href":"https:\/\/iga.gov.ba\/en\/wp-json\/wp\/v2\/comments?post=1001"}],"version-history":[{"count":2,"href":"https:\/\/iga.gov.ba\/en\/wp-json\/wp\/v2\/pages\/1001\/revisions"}],"predecessor-version":[{"id":1147,"href":"https:\/\/iga.gov.ba\/en\/wp-json\/wp\/v2\/pages\/1001\/revisions\/1147"}],"wp:attachment":[{"href":"https:\/\/iga.gov.ba\/en\/wp-json\/wp\/v2\/media?parent=1001"}],"curies":[{"name":"wp","href":"https:\/\/api.w.org\/{rel}","templated":true}]}}