{"id":1107,"date":"2019-07-07T20:31:08","date_gmt":"2019-07-07T20:31:08","guid":{"rendered":"http:\/\/iga.exnet.cloud\/?page_id=1107"},"modified":"2019-07-07T20:52:27","modified_gmt":"2019-07-07T20:52:27","slug":"faktoring","status":"publish","type":"page","link":"https:\/\/iga.gov.ba\/en\/faktoring\/","title":{"rendered":"Factoring"},"content":{"rendered":"<h2 class=\"wp-block-heading\">What is factoring?<\/h2>\n\n\n\n<p>Factoring is a service which enables <strong>sale of products and services with postponed payment<\/strong>, where for collection you do not have to wait for expiry of the agreed credit period, <strong>rather you get the money right away.<\/strong>Factoring combines credit protection, registry of receivables, collection services and financing for companies which sell with an open bank account with payment conditions lower than 120 days. IGA buys invoices and provides factoring users liquidity by providing advance payment for 80-90% of invoice value.<\/p>\n\n\n\n<hr class=\"wp-block-separator\"\/>\n\n\n\n<div class=\"wp-block-file\"><a href=\"http:\/\/iga.exnet.cloud\/wp-content\/uploads\/2019\/07\/AplikacijaOsiguranje1.pdf\">Application (Insurance)<\/a><a href=\"http:\/\/iga.exnet.cloud\/wp-content\/uploads\/2019\/07\/AplikacijaOsiguranje1.pdf\" class=\"wp-block-file__button\" download>Download<\/a><\/div>\n\n\n\n<hr class=\"wp-block-separator\"\/>\n\n\n\n<h2 class=\"wp-block-heading\">\u0160ta je obezbje\u0111enje za faktoring?<\/h2>\n\n\n\n<p>Avans se daje uz odre\u0111enu kamatnu stopu po kojoj se obra\u010dunava kamata  do momenta pla\u0107anja fakture od strane kupca. Obezbje\u0111enje za avans predstavlja  potra\u017eivanje nastalo po osnovu fakture uz uslove pla\u0107anja na otvoren  ra\u010dun (doznakom). Obi\u010dno nijedan drugi kolateral nije neophodan, pa  tako faktoring obezbje\u0111uje <strong>dodatni obrtni kapital bez vezivanja kolaterala<\/strong>.  Time se osloba\u0111aju postoje\u0107e kreditne linije u poslovnim bankama i koristi  teku\u0107a aktiva koja je prethodno bila podcijenjena i minimalno iskori\u0161tena. <\/p>\n\n\n\n<hr class=\"wp-block-separator\"\/>\n\n\n\n<h2 class=\"wp-block-heading\">Koje su prate\u0107e usluge faktoringa?<\/h2>\n\n\n\n<p>IGA pru\u017ea odre\u0111ene usluge koje izvozniku olak\u0161avaju poslovanje, \n\t\t\ta IGA-i smanjuju rizik isplate avansa. Rije\u010d je o uslugama knji\u017eenja, \n\t\t\todobravanja kredita kupcu i naplati potra\u017eivanja, koje se pru\u017eaju na \n\t\t\tosnovu sofisticiranog sistema za monitoring faktura koji omogu\u0107ava ta\u010dno \n\t\t\ti a\u017eurno izvje\u0161tavanje izvoznika o izvr\u0161enju portfolija njegovih potra\u017eivanja. \n\t\t\t<\/p>\n\n\n\n<p>Br\u017ei obrt potra\u017eivanja smanjuje tro\u0161kove izvoznikovog avansa i smanjuje  tro\u0161kove kreditne izlo\u017eenosti prema kupcima jer IGA nudi daleko  superiornije usluge kredita i naplate potra\u017eivanja nego pojedina\u010dni  izvoznik. Tako\u0111e, IGA izvje\u0161tava klijente o svojim aktivnostima  kroz periodi\u010dne izvode ra\u010duna, informacije o dospjelosti faktura i rezimirane  izvje\u0161taje o prodaji. Provizija se odre\u0111uje za svaku fakturu koja se  otkupljuje kako bi se pokrili tro\u0161kovi administrativnih usluga, usluga  naplate i kreditiranja.<\/p>\n\n\n\n<hr class=\"wp-block-separator\"\/>\n\n\n\n<h2 class=\"wp-block-heading\">Kakve koristi imam od faktoringa?<\/h2>\n\n\n\n<ul><li>Pobolj\u0161anje gotovinskog toka i likvidnosti pretvaranjem potra\u017eivanja  u gotovinu,<\/li><li>Razli\u010dite mogu\u0107nosti investiranja raspolo\u017eive gotovine,<\/li><li>Finansiranje obrtnog kapitala bez zahtjeva za hipotekom kao  kolateralom,<\/li><li>Ponuda atraktivnih uslova pla\u0107anja na otvoren ra\u010dun i \u0161irenje  tr\u017ei\u0161ta po tom osnovu,<\/li><li>Eliminisanje lo\u0161ih i spornih potra\u017eivanja,<\/li><li>Smanjivanje operativnih tro\u0161kova tako \u0161to \u0107e se kreditna funkcija  izmjestiti iz preduze\u0107a u faktoring centar, \u010dime se fiksni tro\u0161kovi  rada kreditnog odjela smanjuju i pretvaraju u varijabilne tro\u0161kove  bazirane na obimu prodaje,<\/li><li>Kvalitetnije finansijske informacije za menad\u017ement.<\/li><\/ul>\n\n\n\n<hr class=\"wp-block-separator\"\/>\n\n\n\n<h2 class=\"wp-block-heading\">Koliko ko\u0161ta faktoring?<\/h2>\n\n\n\n<p>Cijena faktoringa predstavlja zbir kamate na iznos datog avansa (npr.  80% iznosa fakture) i administrativnog tro\u0161ka obrade zahtjeva za avansiranjem.  Za konkretan slu\u010daj i vi\u0161e informacija, obratite se osoblju u jednoj  od kancelarija IGA-e.<\/p>\n\n\n\n<hr class=\"wp-block-separator\"\/>\n\n\n\n<h2 class=\"wp-block-heading\">Kakva su iskustva sa faktoringom?<\/h2>\n\n\n\n<ul><li>Jedno preduze\u0107e je putem faktoringa pove\u0107alo prodaju za 500%,<\/li><li>Dva preduze\u0107a su putem faktoringa uspjela da udvostru\u010de prodaju  i broj kupaca,<\/li><li>Deset preduze\u0107a je uz pomo\u0107 faktoringa pove\u0107alo obrt za 50%,<\/li><li>Jedan izvoznik je spa\u0161en od sigurnog ste\u010daja kori\u0161tenjem faktoringa  (i osiguranom naplatom po tom osnovu),<\/li><li>Programom faktoringa su do sada podr\u017eani izvozni poslovi vrijedni  45 miliona KM,<\/li><li>Faktoringom je pokrivena prodaja prema 120 inostranih i doma\u0107ih  kupaca,<\/li><li>Iga je do sada odobrila faktoring aran\u017emane za vi\u0161e od 30 klijenata,<\/li><li>Ste\u010dena iskustva pokazuju da su najve\u0107u korist od faktoringa  imala preduze\u0107a sljede\u0107ih karakteristika: bruto mar\u017ea ve\u0107a od 20%,  vi\u0161e od tri kupca koji su raspore\u0111eni u dvije ili vi\u0161e dr\u017eava.<\/li><\/ul>\n\n\n\n<hr class=\"wp-block-separator\"\/>\n\n\n\n<h2 class=\"wp-block-heading\">\u0160ta treba da uradim da bih koristio uslugu faktoringa?<\/h2>\n\n\n\n<p>Da biste koristili uslugu faktoringa, potrebno je da popunite  aplikacionu formu i dostavite je zajedno sa tra\u017eenom dokumentacijom u  najbli\u017eu kancelariju IGA-e. Poslije odobravanja aplikacije, potrebno je  da sklopite faktoring sporazum sa IGA-om i popunite zahtjev za odobrenje  kredita, na osnovu \u010dega se  uspostavlja kreditna linija predodobrenje u  korist va\u0161eg kupca. Potom svom kupcu isporu\u010dujete robu u visini  odobrene vrijednosti (kreditnog limita) i \u0161aljete mu fakturu navode\u0107i da  pla\u0107anje treba izvr\u0161iti u korist Ige (asignacija deviznog priliva). Na  osnovu toga, mi vam odobravamo avans i tako omogu\u0107avamo da prebacite  ve\u0107i dio rizika naplate na IGA-u, dok vi odmah dobijate novac.<\/p>\n\n\n\n<hr class=\"wp-block-separator\"\/>\n\n\n\n<div class=\"wp-block-file\"><a href=\"http:\/\/iga.exnet.cloud\/wp-content\/uploads\/2019\/07\/AplikacijaFaktoring.pdf\">AplikacijaFaktoring<\/a><a href=\"http:\/\/iga.exnet.cloud\/wp-content\/uploads\/2019\/07\/AplikacijaFaktoring.pdf\" class=\"wp-block-file__button\" download>Download<\/a><\/div>\n\n\n\n<hr class=\"wp-block-separator\"\/>","protected":false},"excerpt":{"rendered":"<p>\u0160ta je faktoring? Faktoring je usluga koja vam omogu\u0107ava prodaju proizvoda i usluga na odgo\u0111eno pla\u0107anje, pri \u010demu za naplatu ne morate \u010dekati istek dogovorenog kreditnog perioda, ve\u0107 novac dobijate odmah. Faktoring kombinuje kreditnu za\u0161titu, knji\u017eenje potra\u017eivanja, usluge naplate i finansiranje za preduze\u0107a koja prodaju na otvoren ra\u010dun sa uslovima pla\u0107anja manjim od 120 dana. [&hellip;]<\/p>","protected":false},"author":1,"featured_media":0,"parent":0,"menu_order":0,"comment_status":"closed","ping_status":"closed","template":"","meta":{"footnotes":""},"_links":{"self":[{"href":"https:\/\/iga.gov.ba\/en\/wp-json\/wp\/v2\/pages\/1107"}],"collection":[{"href":"https:\/\/iga.gov.ba\/en\/wp-json\/wp\/v2\/pages"}],"about":[{"href":"https:\/\/iga.gov.ba\/en\/wp-json\/wp\/v2\/types\/page"}],"author":[{"embeddable":true,"href":"https:\/\/iga.gov.ba\/en\/wp-json\/wp\/v2\/users\/1"}],"replies":[{"embeddable":true,"href":"https:\/\/iga.gov.ba\/en\/wp-json\/wp\/v2\/comments?post=1107"}],"version-history":[{"count":3,"href":"https:\/\/iga.gov.ba\/en\/wp-json\/wp\/v2\/pages\/1107\/revisions"}],"predecessor-version":[{"id":1119,"href":"https:\/\/iga.gov.ba\/en\/wp-json\/wp\/v2\/pages\/1107\/revisions\/1119"}],"wp:attachment":[{"href":"https:\/\/iga.gov.ba\/en\/wp-json\/wp\/v2\/media?parent=1107"}],"curies":[{"name":"wp","href":"https:\/\/api.w.org\/{rel}","templated":true}]}}