{"id":1110,"date":"2019-07-07T20:33:50","date_gmt":"2019-07-07T20:33:50","guid":{"rendered":"http:\/\/iga.exnet.cloud\/?page_id=1110"},"modified":"2019-07-07T20:40:48","modified_gmt":"2019-07-07T20:40:48","slug":"garancije","status":"publish","type":"page","link":"https:\/\/iga.gov.ba\/en\/garancije\/","title":{"rendered":"Guarantees"},"content":{"rendered":"<h2 class=\"wp-block-heading\">Kada su garancije potrebne?<\/h2>\n\n\n\n<p>U\u010de\u0161\u0107e doma\u0107ih preduze\u0107a na me\u0111unarodnim  tenderima, isporuka opreme ili izvo\u0111enje radova u inostranstvu je obi\u010dno pra\u0107eno zahtjevom kupca\/investitora za  obezbje\u0111enjem odgovaraju\u0107e bankovne garancije. Trenutno, kod ve\u0107ine kupaca\/investitora u inostranstvu  postoji izvjesno nepovjerenje prema bankama iz BiH, pa im njihove garancije nisu prihvatljive. Me\u0111utim,  Iga pru\u017ea mogu\u0107nost obezbje\u0111enja garancija koje izdaju prvoklasne evropske banke koje su prihvatljive  svakom kupcu\/investitoru.<\/p>\n\n\n\n<hr class=\"wp-block-separator\"\/>\n\n\n\n<h2 class=\"wp-block-heading\">Koje vrste garancija obezbje\u0111uje Iga?<\/h2>\n\n\n\n<ul><li><em>Licitacione, avansne, retencione i garancije za dobro izvr\u0161enje posla<\/em>  &#8211; U saradnji sa renomiranom londonskom kompanijom Lloyd's i prvoklasnim  evropskim bankama obezbje\u0111ujemo garancije inostranim kupcima i  korisnicima usluga, te na taj na\u010din podr\u017eavamo u\u010de\u0161\u0107e doma\u0107ih  gra\u0111evinskih, uslu\u017enih i trgovinskih preduze\u0107a na me\u0111unarodnim  tenderima, kao i realizaciju i pra\u0107enje izvr\u0161enja velikih ugovora u  inostranstvu.<\/li><li><em>Garancije komercijalnim bankama za finansiranje izvoza<\/em> &#8211; Komercijalnim bankama nudimo garancije za finansiranje izvoza na bazi podjele rizika.<\/li><li><em>Garancije dobavlja\u010dima sirovina i opreme za proizvodne svrhe<\/em>  &#8211; Preduze\u0107ima iz BiH obezbje\u0111ujemo garancije prvoklasnih evropskih  banaka, \u0161to im omogu\u0107uje kupovinu sirovina i opreme u inostranstvu na  kredit.<\/li><\/ul>\n\n\n\n<hr class=\"wp-block-separator\"\/>\n\n\n\n<h2 class=\"wp-block-heading\">Koliko ko\u0161ta nabavljanje garancije?<\/h2>\n\n\n\n<p>Cijena garancije zavisi od vremena trajanja garancije, a  predstavlja zbir premije (koja se na godi\u0161njem nivou kre\u0107e u intervalu  1,0-2,5% od visine garancije, zavisno od boniteta preduze\u0107a koje tra\u017ei  garanciju) i administrativnog tro\u0161ka obrade zahtjeva za garanciju (koji  iznosi 0.35% od iznosa garancije, a minimalno 300 KM) koji se pla\u0107a po  odobravanju garancije. Za konkretan slu\u010daj i vi\u0161e informacija, obratite  se osoblju u jednoj od kancelarija <em>Ige<\/em>.<\/p>\n\n\n\n<hr class=\"wp-block-separator\"\/>\n\n\n\n<h2 class=\"wp-block-heading\">Kakva su iskustva sa garancijama?<\/h2>\n\n\n\n<ul><li>Iga je preko izdatih garancija podr\u017eala realizaciju poslova vrijednih vi\u0161e od 160 miliona EUR,<\/li><li>Izdali smo 84 garancije u 5 razli\u010ditih valuta.<\/li><\/ul>\n\n\n\n<hr class=\"wp-block-separator\"\/>\n\n\n\n<h2 class=\"wp-block-heading\">Kako da dobijem garanciju?<\/h2>\n\n\n\n<p>Da biste dobili garanciju, potrebno je da popunite  aplikacionu formu i dostavite je zajedno sa tra\u017eenom dokumentacijom u  najbli\u017eu kancelariju <em>Ige<\/em>. Kod izvr\u0161enja ugovora u inostranstvu,  minimalno u\u010de\u0161\u0107e doma\u0107ih proizvoda u radu i materijalu trebalo bi biti  jednako iznosu garancije za dobro izvr\u0161enje posla. Treba da potpi\u0161ete  zahtjev za naknadu u slu\u010daju da ne izvr\u0161ite svoju obavezu iz ugovora, a u  slu\u010daju da garancija bude pozvana na naplatu uprkos \u010dinjenici da ste  izvr\u0161ili svoju obavezu iz ugovora, tada ne\u0107e biti potrebno da izvr\u0161ite  naknadu. Mo\u017ee biti zahtjevano obezbje\u0111enje garancije hipotekom na aktivu  preduze\u0107a, kao podloga zahtjevu za nadoknadu \u0161tete. Poslije odobravanja  aplikacije i potpisivanja ugovora slijedi izdavanje garancije.<\/p>\n\n\n\n<p><\/p>\n\n\n\n<hr class=\"wp-block-separator\"\/>\n\n\n\n<p><a href=\"http:\/\/iga.exnet.cloud\/kontakt\/\">Dodatne informacije<\/a><\/p>\n\n\n\n<hr class=\"wp-block-separator\"\/>\n\n\n\n<p><\/p>\n\n\n\n<p><\/p>","protected":false},"excerpt":{"rendered":"<p>Kada su garancije potrebne? U\u010de\u0161\u0107e doma\u0107ih preduze\u0107a na me\u0111unarodnim tenderima, isporuka opreme ili izvo\u0111enje radova u inostranstvu je obi\u010dno pra\u0107eno zahtjevom kupca\/investitora za obezbje\u0111enjem odgovaraju\u0107e bankovne garancije. Trenutno, kod ve\u0107ine kupaca\/investitora u inostranstvu postoji izvjesno nepovjerenje prema bankama iz BiH, pa im njihove garancije nisu prihvatljive. Me\u0111utim, Iga pru\u017ea mogu\u0107nost obezbje\u0111enja garancija koje izdaju prvoklasne [&hellip;]<\/p>","protected":false},"author":1,"featured_media":0,"parent":0,"menu_order":0,"comment_status":"closed","ping_status":"closed","template":"","meta":{"footnotes":""},"_links":{"self":[{"href":"https:\/\/iga.gov.ba\/en\/wp-json\/wp\/v2\/pages\/1110"}],"collection":[{"href":"https:\/\/iga.gov.ba\/en\/wp-json\/wp\/v2\/pages"}],"about":[{"href":"https:\/\/iga.gov.ba\/en\/wp-json\/wp\/v2\/types\/page"}],"author":[{"embeddable":true,"href":"https:\/\/iga.gov.ba\/en\/wp-json\/wp\/v2\/users\/1"}],"replies":[{"embeddable":true,"href":"https:\/\/iga.gov.ba\/en\/wp-json\/wp\/v2\/comments?post=1110"}],"version-history":[{"count":3,"href":"https:\/\/iga.gov.ba\/en\/wp-json\/wp\/v2\/pages\/1110\/revisions"}],"predecessor-version":[{"id":1114,"href":"https:\/\/iga.gov.ba\/en\/wp-json\/wp\/v2\/pages\/1110\/revisions\/1114"}],"wp:attachment":[{"href":"https:\/\/iga.gov.ba\/en\/wp-json\/wp\/v2\/media?parent=1110"}],"curies":[{"name":"wp","href":"https:\/\/api.w.org\/{rel}","templated":true}]}}