{"id":1136,"date":"2019-07-09T20:09:23","date_gmt":"2019-07-09T20:09:23","guid":{"rendered":"http:\/\/iga.exnet.cloud\/?page_id=1136"},"modified":"2019-07-09T20:13:17","modified_gmt":"2019-07-09T20:13:17","slug":"bilten","status":"publish","type":"page","link":"https:\/\/iga.gov.ba\/en\/bilten\/","title":{"rendered":"Bulletin"},"content":{"rendered":"<hr class=\"wp-block-separator\"\/>\n\n\n\n<p><strong>Pismo za uspje\u0161ne<\/strong> je specijalizovani bilten namijenjen na\u0161im najuspje\u0161nijim preduzetnicima. U biltenu se obra\u0111uju interesantne teme iz klju\u010dnih oblasti poslovanja kao \u0161to su me\u0111unarodne finansije, menad\u017ement i marketing, te unapre\u0111enje sistema distribucije.  Bilten je besplatan i izlazi dvomjese\u010dno.<\/p>\n\n\n\n<hr class=\"wp-block-separator\"\/>\n\n\n\n<p>Svi koji \u017eele primati bilten putem elektronske po\u0161te, mogu se prijaviti na: iga@igabih.com<\/p>\n\n\n\n<hr class=\"wp-block-separator\"\/>\n\n\n\n<div class=\"wp-block-file\"><a href=\"http:\/\/iga.exnet.cloud\/wp-content\/uploads\/2019\/07\/Bilten1.pdf\">Bilten br.1<\/a><a href=\"http:\/\/iga.exnet.cloud\/wp-content\/uploads\/2019\/07\/Bilten1.pdf\" class=\"wp-block-file__button\" download>Download<\/a><\/div>\n\n\n\n<hr class=\"wp-block-separator\"\/>\n\n\n\n<div class=\"wp-block-file\"><a href=\"http:\/\/iga.exnet.cloud\/wp-content\/uploads\/2019\/07\/Bilten2.pdf\">Bilten br.2<\/a><a href=\"http:\/\/iga.exnet.cloud\/wp-content\/uploads\/2019\/07\/Bilten2.pdf\" class=\"wp-block-file__button\" download>Download<\/a><\/div>\n\n\n\n<hr class=\"wp-block-separator\"\/>\n\n\n\n<div class=\"wp-block-file\"><a href=\"http:\/\/iga.exnet.cloud\/wp-content\/uploads\/2019\/07\/Bilten3.pdf\">Bilten br.3<\/a><a href=\"http:\/\/iga.exnet.cloud\/wp-content\/uploads\/2019\/07\/Bilten3.pdf\" class=\"wp-block-file__button\" download>Download<\/a><\/div>\n\n\n\n<hr class=\"wp-block-separator\"\/>\n\n\n\n<div class=\"wp-block-file\"><a href=\"http:\/\/iga.exnet.cloud\/wp-content\/uploads\/2019\/07\/Bilten4.pdf\">Bilten br.4<\/a><a href=\"http:\/\/iga.exnet.cloud\/wp-content\/uploads\/2019\/07\/Bilten4.pdf\" class=\"wp-block-file__button\" download>Download<\/a><\/div>\n\n\n\n<hr class=\"wp-block-separator\"\/>","protected":false},"excerpt":{"rendered":"<p>Pismo za uspje\u0161ne je specijalizovani bilten namijenjen na\u0161im najuspje\u0161nijim preduzetnicima. U biltenu se obra\u0111uju interesantne teme iz klju\u010dnih oblasti poslovanja kao \u0161to su me\u0111unarodne finansije, menad\u017ement i marketing, te unapre\u0111enje sistema distribucije. Bilten je besplatan i izlazi dvomjese\u010dno. Svi koji \u017eele primati bilten putem elektronske po\u0161te, mogu se prijaviti na: iga@igabih.com<\/p>","protected":false},"author":1,"featured_media":0,"parent":0,"menu_order":0,"comment_status":"closed","ping_status":"closed","template":"","meta":{"footnotes":""},"_links":{"self":[{"href":"https:\/\/iga.gov.ba\/en\/wp-json\/wp\/v2\/pages\/1136"}],"collection":[{"href":"https:\/\/iga.gov.ba\/en\/wp-json\/wp\/v2\/pages"}],"about":[{"href":"https:\/\/iga.gov.ba\/en\/wp-json\/wp\/v2\/types\/page"}],"author":[{"embeddable":true,"href":"https:\/\/iga.gov.ba\/en\/wp-json\/wp\/v2\/users\/1"}],"replies":[{"embeddable":true,"href":"https:\/\/iga.gov.ba\/en\/wp-json\/wp\/v2\/comments?post=1136"}],"version-history":[{"count":2,"href":"https:\/\/iga.gov.ba\/en\/wp-json\/wp\/v2\/pages\/1136\/revisions"}],"predecessor-version":[{"id":1143,"href":"https:\/\/iga.gov.ba\/en\/wp-json\/wp\/v2\/pages\/1136\/revisions\/1143"}],"wp:attachment":[{"href":"https:\/\/iga.gov.ba\/en\/wp-json\/wp\/v2\/media?parent=1136"}],"curies":[{"name":"wp","href":"https:\/\/api.w.org\/{rel}","templated":true}]}}