{"id":1160,"date":"2019-07-15T10:29:27","date_gmt":"2019-07-15T10:29:27","guid":{"rendered":"https:\/\/iga.gov.ba\/?page_id=1160"},"modified":"2020-03-23T12:50:23","modified_gmt":"2020-03-23T12:50:23","slug":"nas-tim","status":"publish","type":"page","link":"https:\/\/iga.gov.ba\/en\/nas-tim\/","title":{"rendered":"Na\u0161 tim"},"content":{"rendered":"<figure class=\"wp-block-table\"><table class=\"\"><tbody><tr><td>\n\t\t\t<strong>RUKOVODSTVO<\/strong>\n\t\t<\/td><td>\n\t\t\t<strong>Contact<\/strong>\n\t\t<\/td><\/tr><tr><td>\n\t\t\t<strong>LAMIJA KOZARI\u0106-RAHMAN<\/strong>\n\t\t<\/td><td>\n\t\t\tGeneralna direktorica\n\t\t<\/td><td>\n\t\t\tSarajevo\n\t\t<\/td><td>\n\t\t\t033\/720-140\n\t\t<\/td><\/tr><tr><td>\n\t\t\t<strong>MIRKO DEJANOVI\u0106<\/strong>\n\t\t<\/td><td>\n\t\t\tZamjenik Generalne direktorice\n\t\t<\/td><td>\n\t\t\tBanja Luka\n\t\t<\/td><td>\n\t\t\t051\/220-120\n\t\t<\/td><\/tr><tr><td>\n\t\t\t<strong>LAZAR PRKA\u010cIN<\/strong>\n\t\t<\/td><td>\n\t\t\tZamjenik Generalne direktorice\n\t\t<\/td><td>\n\t\t\tMostar\n\t\t<\/td><td>\n\t\t\t033\/720-140\n\t\t<\/td><\/tr><\/tbody><\/table><\/figure>\n\n\n\n<figure class=\"wp-block-table\"><table class=\"\"><tbody><tr><td>\n\t\t\t<strong>Tim u Sarajevu<\/strong>\n\t\t<\/td><td>\n\t\t\t<strong>Pozicija<\/strong>\n\t\t<\/td><td>\n\t\t\t<strong>Telefon<\/strong>\n\t\t<\/td><td>\n\t\t\t<strong>Adresa elektronske po\u0161te <\/strong>\n\t\t\t\n\t\t<\/td><\/tr><tr><td>\n\t\t\tEDINA TIRO\n\t\t<\/td><td>\n\t\t\tStru\u010dni saradnik za op\u0161te poslove \u2013 Kabinet rukovodstva \n\t\t\t\n\t\t<\/td><td>\n\t\t\t033\/720-140\n\t\t<\/td><td>\n\t\t\tedina.tiro@iga.gov.ba\n\t\t<\/td><\/tr><tr><td>\n\t\t\tRANKA RADOVI\u0106\n\t\t<\/td><td>\n\t\t\tRukovodilac odjela za op\u0161te i pravne poslove\n\t\t<\/td><td>\n\t\t\t033\/720-142\n\t\t<\/td><td>\n\t\t\tranka.radovic @iga.gov.ba\n\t\t<\/td><\/tr><tr><td>\n\t\t\tERMIN KAHRI\u0106\n\t\t<\/td><td>\n\t\t\tRukovodilac odjela finansija i ra\u010dunovodstva\n\t\t<\/td><td>\n\t\t\t033\/720-149\n\t\t<\/td><td>\n\t\t\termin.kahric@iga.gov.ba\n\t\t<\/td><\/tr><tr><td>\n\t\t\tFARUK IMAMOVI\u0106\n\t\t<\/td><td>\n\t\t\tRukovodilac odjela za kreditiranje, garancije i faktoring\n\t\t<\/td><td>\n\t\t\t033\/720-145\n\t\t<\/td><td>\n\t\t\tfaruk.imamovic@iga.gov.ba\n\t\t<\/td><\/tr><tr><td>\n\t\t\tALDIJANA DUBRAVI\u0106\n\t\t<\/td><td>\n\t\t\tRukovodilac odjela za kreditno osiguranje\n\t\t<\/td><td>\n\t\t\t033\/720-144\n\t\t<\/td><td>\n\t\t\taldijana.dubravic@iga.gov.ba\n\t\t<\/td><\/tr><tr><td>\n\t\t\tPETROVI\u0106 FIDA\n\t\t<\/td><td>\n\t\t\tReferent za knjigovodstveno &#8211;\n\t\t\tra\u010dunovodstvene poslove\n\t\t<\/td><td>\n\t\t\t033\/720-150\n\t\t<\/td><td>\n\t\t\tfida.petrovic@iga.gov.ba\n\t\t<\/td><\/tr><tr><td>\n\t\t\tSANDRA DOBROVI\u0106-KOTORI\u0106\n\t\t<\/td><td>\n\t\t\tStru\u010dni saradnik kreditnog osiguranja\n\t\t<\/td><td>\n\t\t\t033\/720-147\n\t\t<\/td><td>\n\t\t\tsandra.dobrovic@iga.gov.ba\n\t\t<\/td><\/tr><tr><td>\n\t\t\tDEMIR HAD\u017dIMURATOVI\u0106\n\t\t\t<br>\n\n\t\t\t\n\t\t<\/td><td>\n\t\t\tStru\u010dni saradnik kreditnog osiguranja\n\t\t<\/td><td>\n\t\t\t033\/720-146\n\t\t<\/td><td>\n\t\t\tdemir.hadzimuratovic@iga.gov.ba\n\t\t<\/td><\/tr><\/tbody><\/table><\/figure>\n\n\n\n<figure class=\"wp-block-table\"><table class=\"\"><tbody><tr><td>\n\t\t\t<strong>Banja Luka<\/strong>\n\t\t<\/td><td>\n\t\t\t<strong>Veselina Masle\u0161e 1 , 78 000 Banja Luka<\/strong>\n\t\t<\/td><td>\n\t\t\t<strong>Tel \/ Fax:  051\/220-120<\/strong>\n\t\t<\/td><\/tr><tr><td>\n\t\t\tSNE\u017dANA \u0106ELI\u0106\n\t\t<\/td><td>\n\t\t\tPoslovni sekretar\n\t\t<\/td><td>\n\t\t\t051\/215-844\n\t\t<\/td><td>\n\t\t\ts.celic@inecco.net\n\t\t<\/td><\/tr><\/tbody><\/table><\/figure>\n\n\n\n<figure class=\"wp-block-table is-style-stripes\"><table class=\"\"><tbody><tr><td>\n\t\t\t<strong>Mostar<\/strong>\n\t\t<\/td><td>\n\t\t\t<strong>Ante Star\u010devi\u0107a bb, 88 000 Mostar<\/strong>\n\t\t<\/td><td>\n\t\t\t<strong>lazar.prkacin@iga.gov.ba<\/strong>\n\t\t<\/td><\/tr><\/tbody><\/table><\/figure>","protected":false},"excerpt":{"rendered":"<p>RUKOVODSTVO Kontakt LAMIJA KOZARI\u0106-RAHMAN Generalna direktorica Sarajevo 033\/720-140 MIRKO DEJANOVI\u0106 Zamjenik Generalne direktorice Banja Luka 051\/220-120 LAZAR PRKA\u010cIN Zamjenik Generalne direktorice Mostar 033\/720-140 Tim u Sarajevu Pozicija Telefon Adresa elektronske po\u0161te EDINA TIRO Stru\u010dni saradnik za op\u0161te poslove \u2013 Kabinet rukovodstva 033\/720-140 edina.tiro@iga.gov.ba RANKA RADOVI\u0106 Rukovodilac odjela za op\u0161te i pravne poslove 033\/720-142 ranka.radovic @iga.gov.ba [&hellip;]<\/p>","protected":false},"author":1,"featured_media":0,"parent":0,"menu_order":0,"comment_status":"closed","ping_status":"closed","template":"","meta":{"footnotes":""},"_links":{"self":[{"href":"https:\/\/iga.gov.ba\/en\/wp-json\/wp\/v2\/pages\/1160"}],"collection":[{"href":"https:\/\/iga.gov.ba\/en\/wp-json\/wp\/v2\/pages"}],"about":[{"href":"https:\/\/iga.gov.ba\/en\/wp-json\/wp\/v2\/types\/page"}],"author":[{"embeddable":true,"href":"https:\/\/iga.gov.ba\/en\/wp-json\/wp\/v2\/users\/1"}],"replies":[{"embeddable":true,"href":"https:\/\/iga.gov.ba\/en\/wp-json\/wp\/v2\/comments?post=1160"}],"version-history":[{"count":4,"href":"https:\/\/iga.gov.ba\/en\/wp-json\/wp\/v2\/pages\/1160\/revisions"}],"predecessor-version":[{"id":1208,"href":"https:\/\/iga.gov.ba\/en\/wp-json\/wp\/v2\/pages\/1160\/revisions\/1208"}],"wp:attachment":[{"href":"https:\/\/iga.gov.ba\/en\/wp-json\/wp\/v2\/media?parent=1160"}],"curies":[{"name":"wp","href":"https:\/\/api.w.org\/{rel}","templated":true}]}}