{"id":284,"date":"2016-06-21T09:27:42","date_gmt":"2016-06-21T09:27:42","guid":{"rendered":"http:\/\/demo.thememodern.com\/finance\/?page_id=284"},"modified":"2019-07-07T16:49:04","modified_gmt":"2019-07-07T16:49:04","slug":"usluge","status":"publish","type":"page","link":"https:\/\/iga.gov.ba\/en\/usluge\/","title":{"rendered":"Services"},"content":{"rendered":"<section class=\"wpb_row vc_row-fluid\"><div class=\"container\"><div class=\"row\"><div class=\"wpb_column vc_column_container vc_col-sm-3\"><div class=\"vc_column-inner\"><div class=\"wpb_wrapper\">\n  <article class=\"thumbnail-style thumbnail-icon-item text-center no-margin\">\n\n   <div class=\"thumbnail\">\n\n      <img src=\"https:\/\/iga.gov.ba\/wp-content\/uploads\/2016\/06\/1.png\" alt=\"\">\n\n     <div class=\"caption\">\n\n       <h4>Trade credit insurance<\/h4>\n\n       Receivables Collection Insurance is a unique financial instrument which protects you from the risk of non-payment from one or more buyers due to deteriorating financial circumstances or bankruptcy.\n     <\/div>\n\n   <\/div>\n\n  <\/article><!-- End article -->\n\n<\/div><\/div><\/div><div class=\"wpb_column vc_column_container vc_col-sm-3\"><div class=\"vc_column-inner\"><div class=\"wpb_wrapper\">\n  <article class=\"thumbnail-style thumbnail-icon-item text-center no-margin\">\n\n   <div class=\"thumbnail\">\n\n      <img src=\"https:\/\/iga.gov.ba\/wp-content\/uploads\/2016\/06\/2-1.png\" alt=\"\">\n\n     <div class=\"caption\">\n\n       <h4>Factoring<\/h4>\n\n       Factoring is a service which enables <b>sale of products and services with postponed payment<\/b>, where for collection you do not have to wait for expiry of the agreed credit period, rather <b>rather you get the money right away.<\/b>.\n     <\/div>\n\n   <\/div>\n\n  <\/article><!-- End article -->\n\n<\/div><\/div><\/div><div class=\"wpb_column vc_column_container vc_col-sm-3\"><div class=\"vc_column-inner\"><div class=\"wpb_wrapper\">\n  <article class=\"thumbnail-style thumbnail-icon-item text-center no-margin\">\n\n   <div class=\"thumbnail\">\n\n      <img src=\"https:\/\/iga.gov.ba\/wp-content\/uploads\/2016\/06\/3.png\" alt=\"\">\n\n     <div class=\"caption\">\n\n       <h4>Guarantees<\/h4>\n\n       Participation of domestic companies in international tenders, shipment of goods or work contracts abroad is usually accompanied with a request from buyers\/investors for assuring corresponding bank guarantees.\n     <\/div>\n\n   <\/div>\n\n  <\/article><!-- End article -->\n\n<\/div><\/div><\/div><div class=\"wpb_column vc_column_container vc_col-sm-3\"><div class=\"vc_column-inner\"><div class=\"wpb_wrapper\">\n  <article class=\"thumbnail-style thumbnail-icon-item text-center no-margin\">\n\n   <div class=\"thumbnail\">\n\n      <img src=\"https:\/\/iga.gov.ba\/wp-content\/uploads\/2016\/06\/6.png\" alt=\"\">\n\n     <div class=\"caption\">\n\n       <h4>Credit reporting<\/h4>\n\n       When you need to make a right decision whether to establish collaboration with a new buyer or supplier and when you need to know which changes happened with an existing partner, you need reliable information.\n     <\/div>\n\n   <\/div>\n\n  <\/article><!-- End article -->\n\n<\/div><\/div><\/div><\/div><\/div><\/section>","protected":false},"excerpt":{"rendered":"Kreditno Osiguranje Osiguranje naplate potra\u017eivanja je jedinstven finansijski instrument koji vas \u0161titi od rizika nepla\u0107anja jednog ili vi\u0161e kupaca koji su nastali usljed pogor\u0161ane finansijske situacije ili bankrota kupca. Faktoring Faktoring je usluga koja vam omogu\u0107ava prodaju proizvoda i usluga na odgo\u0111eno pla\u0107anje, pri \u010demu za naplatu ne morate \u010dekati istek dogovorenog kreditnog perioda, ve\u0107 [...]","protected":false},"author":1,"featured_media":0,"parent":0,"menu_order":0,"comment_status":"closed","ping_status":"closed","template":"page-templates\/template-fullwidth.php","meta":{"footnotes":""},"_links":{"self":[{"href":"https:\/\/iga.gov.ba\/en\/wp-json\/wp\/v2\/pages\/284"}],"collection":[{"href":"https:\/\/iga.gov.ba\/en\/wp-json\/wp\/v2\/pages"}],"about":[{"href":"https:\/\/iga.gov.ba\/en\/wp-json\/wp\/v2\/types\/page"}],"author":[{"embeddable":true,"href":"https:\/\/iga.gov.ba\/en\/wp-json\/wp\/v2\/users\/1"}],"replies":[{"embeddable":true,"href":"https:\/\/iga.gov.ba\/en\/wp-json\/wp\/v2\/comments?post=284"}],"version-history":[{"count":4,"href":"https:\/\/iga.gov.ba\/en\/wp-json\/wp\/v2\/pages\/284\/revisions"}],"predecessor-version":[{"id":1046,"href":"https:\/\/iga.gov.ba\/en\/wp-json\/wp\/v2\/pages\/284\/revisions\/1046"}],"wp:attachment":[{"href":"https:\/\/iga.gov.ba\/en\/wp-json\/wp\/v2\/media?parent=284"}],"curies":[{"name":"wp","href":"https:\/\/api.w.org\/{rel}","templated":true}]}}