{"id":303,"date":"2016-06-22T02:46:40","date_gmt":"2016-06-22T02:46:40","guid":{"rendered":"http:\/\/demo.thememodern.com\/finance\/?page_id=303"},"modified":"2019-07-07T16:52:55","modified_gmt":"2019-07-07T16:52:55","slug":"klijenti-2","status":"publish","type":"page","link":"https:\/\/iga.gov.ba\/en\/klijenti-2\/","title":{"rendered":"Clients"},"content":{"rendered":"<hr class=\"wp-block-separator\"\/>\n\n\n\n<h1 class=\"wp-block-heading\"><\/h1>\n\n\n\n<figure class=\"wp-block-image is-resized\"><img decoding=\"async\" loading=\"lazy\" src=\"http:\/\/iga.exnet.cloud\/wp-content\/uploads\/2019\/07\/banner-clients-1024x347.jpg\" alt=\"\" class=\"wp-image-1054\" width=\"838\" height=\"284\" srcset=\"https:\/\/iga.gov.ba\/wp-content\/uploads\/2019\/07\/banner-clients-1024x347.jpg 1024w, https:\/\/iga.gov.ba\/wp-content\/uploads\/2019\/07\/banner-clients-300x102.jpg 300w, https:\/\/iga.gov.ba\/wp-content\/uploads\/2019\/07\/banner-clients-768x260.jpg 768w, https:\/\/iga.gov.ba\/wp-content\/uploads\/2019\/07\/banner-clients-600x203.jpg 600w, https:\/\/iga.gov.ba\/wp-content\/uploads\/2019\/07\/banner-clients.jpg 1920w\" sizes=\"(max-width: 838px) 100vw, 838px\" \/><\/figure>\n\n\n\n<hr class=\"wp-block-separator\"\/>\n\n\n\n<table class=\"wp-block-table\"><tbody><tr><td>\n                    <a target=\"_blank\" href=\"http:\/\/www.energoinvest.ba\/\" rel=\"noreferrer noopener\"><\/a>\n                  <\/td><td>\n                    Enegroinvest d.d. Sarajevo<br>\n                    Hamdije \u0106emerli\u0107a 2, 71000 Sarajevo<br>\n                    Multidisciplinarno in\u017eenjerstvo<br>\n                    \n                    <\/td><\/tr><tr><td><a target=\"_blank\" href=\"http:\/\/www.helios.com.ba\/\" rel=\"noreferrer noopener\"><\/a>\n                    <\/td><td>\n                    Helios d.d. Banovi\u0107i<br>\n                    Radni\u010dka 101, 75290 Banovi\u0107i<br>\n                    Ure\u0111aji za zagrijavanje<br>\n                    \n                    <\/td><\/tr><tr><td><a target=\"_blank\" href=\"http:\/\/www.shpgroup.eu\/servlets\/page\/1817?cat_id=677&amp;page_id=552&amp;lang_id=3\" rel=\"noreferrer noopener\"><\/a>\n                    <\/td><td>\n                    SHP Celex a.d. Banja Luka<br>\n                    Veljka Mladenovi\u0107a b.b., 78800 Banja Luka<br>\n                    Higijenski papirni proizvodi<br>\n                    \n                    <\/td><\/tr><tr><td><a target=\"_blank\" href=\"http:\/\/www.klas.ba\/page.php?id=51\" rel=\"noreferrer noopener\"><\/a>\n                    <\/td><td>\n                    Klas d.d. Sarajevo<br>\n                    Paromlinska 43, 71000 Sarajevo<br>\n                    Prehrambena industrija<br>\n                    \n                    <\/td><\/tr><tr><td><a target=\"_blank\" href=\"http:\/\/www.novaforma-furniture.com\/\" rel=\"noreferrer noopener\"><\/a>\n                    <\/td><td>\n                    Nova Forma d.o.o. \u0160amac<br>\n                    Cara Du\u0161ana 45, 76230 \u0160amac<br>\n                    Proizvodnja namje\u0161taja<br>\n                    \n                    <\/td><\/tr><tr><td><a target=\"_blank\" href=\"http:\/\/www.sirbegovic.com\/\" rel=\"noreferrer noopener\"><\/a>\n                    <\/td><td>\n                    \u0160irbegovi\u0107 d.o.o. Gra\u010danica<br>\n                    Patriotske Lige b.b., 75320 Gra\u010danica<br>\n                    In\u017eenjering, projektovanje<br>\n                    Gra\u0111evinarstvo<br>\n                    \n                    <\/td><\/tr><tr><td><a target=\"_blank\" href=\"http:\/\/www.vispak.ba\/?lg=ba\" rel=\"noreferrer noopener\"><\/a>\n                    <\/td><td>\n                    Vispak d.d. Visoko<br>\n                    Ozrakovi\u0107i b.b., 71300 Visoko<br>\n                    Prehrambena industrija<br>\n                    \n                    \n                    <\/td><\/tr><tr><td><a target=\"_blank\" href=\"http:\/\/www.gataric.net\/\" rel=\"noreferrer noopener\">\n\t\t\t\t\t<\/a>\n                    <\/td><td>\n                    Gatari\u0107 d.o.o. Derventa<br>\n                    Kninska b.b., 74400 Derventa<br>\n                    Zastupni\u0161tvo<br>\n                    Kancelarijska i \u0161kolska oprema<br>\n                    \n                    <\/td><\/tr><tr><td><a target=\"_blank\" href=\"http:\/\/www.intal-milici.com\/\" rel=\"noreferrer noopener\">\n\t\t\t\t\t<\/a>\n                    <\/td><td>\n                    Intal a.d. Mili\u0107i<br>\n                    Bir\u010danska b.b., 75466 Mili\u0107i<br>\n                    Proizvodnja monta\u017enih ku\u0107a<br>\n                    \n                    \n                    <\/td><\/tr><tr><td><a target=\"_blank\" href=\"http:\/\/www.feal.ba\/\" rel=\"noreferrer noopener\">\n\t\t\t\t\t<\/a>\n                    <\/td><td>\n                    Feal d.o.o. \u0160iroki Brijeg<br>\n                    Trnska Cesta 146, 88220 \u0160iroki Brijeg<br>\n                    Aluminijski proizvodi<br>\n                    \n                    \n                    <\/td><\/tr><tr><td><a target=\"_blank\" href=\"http:\/\/www.livnicajelsingrad.com\/\" rel=\"noreferrer noopener\">\n\t\t\t\t\t<\/a>\n                    <\/td><td>\n                    Jel\u0161ingrad Livar livnica \u010delika a.d. Banja Luka<br>\n                    Brace Podgornika 8, 78800 Banja Luka<br>\n                    Livnica \u010celika<br>\n                    \n                    \n                    <\/td><\/tr><tr><td><a target=\"_blank\" href=\"http:\/\/www.pims-bh.com\/\" rel=\"noreferrer noopener\">\n\t\t\t\t\t<\/a>\n                    <\/td><td>\n                    Pims d.o.o. Sarajevo<br>\n                    Binje\u017eevo Lige b.b., 71000 Sarajevo<br>\n                    Distribucija prehrambenih proizvoda<br>\n                    \n                    \n                    <\/td><\/tr><tr><td><a target=\"_blank\" href=\"http:\/\/suman.ba\/bos\/index.php\" rel=\"noreferrer noopener\">\n\t\t\t\t\t<\/a>\n                    <\/td><td>\n                    Suman d.o.o. Gra\u010danica<br>\n                    Branilaca Grada b.b., 75320 Gra\u010danica<br>\n                    Sredstva za za\u0161titu od sunca<br>\n                    \n                    \n                    <\/td><\/tr><tr><td><a target=\"_blank\" href=\"http:\/\/www.vegafruit.ba\/\" rel=\"noreferrer noopener\">\n\t\t\t\t\t<\/a>\n                    <\/td><td>\n                    \u0160irbegovi\u0107 d.o.o. Gra\u010danica<br>\n                    Brijesnica Mala, 75320 Gra\u010danica<br>\n                    Industrija hrane<br>\n                    \n                    \n                    <\/td><\/tr><tr><td>\n\t\t\t\t\t\n                    <\/td><td>\n                    Meggle Mljekara d.o.o. Biha\u0107<br>\n                    Grabe\u0161ka 34, 77000 Biha\u0107<br>\n                    Mlijeko i mlije\u010dni proizvodi<\/td><\/tr><\/tbody><\/table>","protected":false},"excerpt":{"rendered":"<p>Enegroinvest d.d. Sarajevo Hamdije \u0106emerli\u0107a 2, 71000 Sarajevo Multidisciplinarno in\u017eenjerstvo Helios d.d. Banovi\u0107i Radni\u010dka 101, 75290 Banovi\u0107i Ure\u0111aji za zagrijavanje SHP Celex a.d. Banja Luka Veljka Mladenovi\u0107a b.b., 78800 Banja Luka Higijenski papirni proizvodi Klas d.d. Sarajevo Paromlinska 43, 71000 Sarajevo Prehrambena industrija Nova Forma d.o.o. \u0160amac Cara Du\u0161ana 45, 76230 \u0160amac Proizvodnja namje\u0161taja \u0160irbegovi\u0107 [&hellip;]<\/p>","protected":false},"author":1,"featured_media":0,"parent":0,"menu_order":0,"comment_status":"closed","ping_status":"closed","template":"","meta":{"footnotes":""},"_links":{"self":[{"href":"https:\/\/iga.gov.ba\/en\/wp-json\/wp\/v2\/pages\/303"}],"collection":[{"href":"https:\/\/iga.gov.ba\/en\/wp-json\/wp\/v2\/pages"}],"about":[{"href":"https:\/\/iga.gov.ba\/en\/wp-json\/wp\/v2\/types\/page"}],"author":[{"embeddable":true,"href":"https:\/\/iga.gov.ba\/en\/wp-json\/wp\/v2\/users\/1"}],"replies":[{"embeddable":true,"href":"https:\/\/iga.gov.ba\/en\/wp-json\/wp\/v2\/comments?post=303"}],"version-history":[{"count":3,"href":"https:\/\/iga.gov.ba\/en\/wp-json\/wp\/v2\/pages\/303\/revisions"}],"predecessor-version":[{"id":1055,"href":"https:\/\/iga.gov.ba\/en\/wp-json\/wp\/v2\/pages\/303\/revisions\/1055"}],"wp:attachment":[{"href":"https:\/\/iga.gov.ba\/en\/wp-json\/wp\/v2\/media?parent=303"}],"curies":[{"name":"wp","href":"https:\/\/api.w.org\/{rel}","templated":true}]}}