{"id":316,"date":"2016-06-22T03:49:44","date_gmt":"2016-06-22T03:49:44","guid":{"rendered":"http:\/\/demo.thememodern.com\/finance\/?page_id=316"},"modified":"2019-07-07T12:08:53","modified_gmt":"2019-07-07T12:08:53","slug":"o-nama","status":"publish","type":"page","link":"https:\/\/iga.gov.ba\/en\/o-nama\/","title":{"rendered":"Words of Welcome"},"content":{"rendered":"<hr class=\"wp-block-separator\"\/>\n\n\n\n<figure class=\"wp-block-image is-resized\"><img decoding=\"async\" loading=\"lazy\" src=\"http:\/\/iga.exnet.cloud\/wp-content\/uploads\/2019\/07\/o-nama.jpg\" alt=\"\" class=\"wp-image-980\" width=\"927\" height=\"352\" srcset=\"https:\/\/iga.gov.ba\/wp-content\/uploads\/2019\/07\/o-nama.jpg 932w, https:\/\/iga.gov.ba\/wp-content\/uploads\/2019\/07\/o-nama-300x114.jpg 300w, https:\/\/iga.gov.ba\/wp-content\/uploads\/2019\/07\/o-nama-768x292.jpg 768w, https:\/\/iga.gov.ba\/wp-content\/uploads\/2019\/07\/o-nama-600x228.jpg 600w\" sizes=\"(max-width: 927px) 100vw, 927px\" \/><\/figure>\n\n\n\n<p>Dear guests, <\/p>\n\n\n\n<p>dobrodo\u0161li na Internet stranice Izvozno Kreditne Agencije Bosne \n i Hercegovine &#8211; IGA. Agencija IGA djeluje na teritoriji cijele Bosne i \n Hercegovine sa centralom u Sarajevu, te podru\u017enicama u  Banja Luci i \nMostaru. <\/p>\n\n\n\n<p>IGA podr\u017eava izvoz iz BiH putem posebno osmi\u0161ljenih financijskih\n  i konsultantskih proizvoda, namijenjenih za podsticaj izvoza a \nzasnovanih na poznavanju inostranih tr\u017ei\u0161ta koja IGA sakuplja vi\u0161e od 10\n godina. <\/p>\n\n\n\n<p>Vi\u0161e o na\u0161em radu, proizvodima i uslugama saznajte na na\u0161im  stranicama.<\/p>\n\n\n\n<hr class=\"wp-block-separator\"\/>\n\n\n\n<p>Lamija Kozari\u0107 &#8211; Rahman<\/p>\n\n\n\n<p>General Manager<\/p>","protected":false},"excerpt":{"rendered":"<p>Po\u0161tovani posjetioci, dobrodo\u0161li na Internet stranice Izvozno Kreditne Agencije Bosne i Hercegovine &#8211; IGA. Agencija IGA djeluje na teritoriji cijele Bosne i Hercegovine sa centralom u Sarajevu, te podru\u017enicama u Banja Luci i Mostaru. IGA podr\u017eava izvoz iz BiH putem posebno osmi\u0161ljenih financijskih i konsultantskih proizvoda, namijenjenih za podsticaj izvoza a zasnovanih na poznavanju inostranih [&hellip;]<\/p>","protected":false},"author":1,"featured_media":0,"parent":0,"menu_order":0,"comment_status":"closed","ping_status":"closed","template":"","meta":{"footnotes":""},"_links":{"self":[{"href":"https:\/\/iga.gov.ba\/en\/wp-json\/wp\/v2\/pages\/316"}],"collection":[{"href":"https:\/\/iga.gov.ba\/en\/wp-json\/wp\/v2\/pages"}],"about":[{"href":"https:\/\/iga.gov.ba\/en\/wp-json\/wp\/v2\/types\/page"}],"author":[{"embeddable":true,"href":"https:\/\/iga.gov.ba\/en\/wp-json\/wp\/v2\/users\/1"}],"replies":[{"embeddable":true,"href":"https:\/\/iga.gov.ba\/en\/wp-json\/wp\/v2\/comments?post=316"}],"version-history":[{"count":4,"href":"https:\/\/iga.gov.ba\/en\/wp-json\/wp\/v2\/pages\/316\/revisions"}],"predecessor-version":[{"id":981,"href":"https:\/\/iga.gov.ba\/en\/wp-json\/wp\/v2\/pages\/316\/revisions\/981"}],"wp:attachment":[{"href":"https:\/\/iga.gov.ba\/en\/wp-json\/wp\/v2\/media?parent=316"}],"curies":[{"name":"wp","href":"https:\/\/api.w.org\/{rel}","templated":true}]}}