{"id":322,"date":"2016-06-22T04:19:59","date_gmt":"2016-06-22T04:19:59","guid":{"rendered":"http:\/\/demo.thememodern.com\/finance\/?page_id=322"},"modified":"2019-07-07T12:51:27","modified_gmt":"2019-07-07T12:51:27","slug":"kontakt","status":"publish","type":"page","link":"https:\/\/iga.gov.ba\/en\/kontakt\/","title":{"rendered":"Contact"},"content":{"rendered":"<hr class=\"wp-block-separator\"\/>\n\n\n<section class=\"wpb_row vc_row-fluid vc_custom_1562502989066 vc_row-has-fill\"><div class=\"container\"><div class=\"row\"><div class=\"wpb_column vc_column_container vc_col-sm-6\"><div class=\"vc_column-inner\"><div class=\"wpb_wrapper\">\n  <h2 style=\"text-align: left;color: #ffffff;\" > Contact Us<\/h2>\n\n\t<div class=\"wpb_text_column wpb_content_element\" >\n\t\t<div class=\"wpb_wrapper\">\n\t\t\t<p><span style=\"color: #999999;\" tabindex=\"0\" lang=\"bs\">If you need to speak to us about a general query<br \/>\nfill in the form below and we will call you back<br \/>\nwithin the same working day.<\/span><\/p>\n\n\t\t<\/div>\n\t<\/div>\n<\/div><\/div><\/div><div class=\"wpb_column vc_column_container vc_col-sm-6\"><div class=\"vc_column-inner\"><div class=\"wpb_wrapper\"><p class=\"wpcf7-contact-form-not-found\"><strong>Error:<\/strong> Contact form not found.<\/p><\/div><\/div><\/div><\/div><\/div><\/section><section class=\"wpb_row vc_row-fluid\"><div class=\"container\"><div class=\"row\"><div class=\"wpb_column vc_column_container vc_col-sm-12\"><div class=\"vc_column-inner\"><div class=\"wpb_wrapper\"><\/div><\/div><\/div><\/div><\/div><\/section>","protected":false},"excerpt":{"rendered":"Kontaktirajte nas Ako \u017eelite razgovarati s nama o op\u0107em upitu ispunite donji obrazac i mi \u0107emo vas nazvati unutar jednog radnog dana Error: Contact form not found.","protected":false},"author":1,"featured_media":0,"parent":0,"menu_order":0,"comment_status":"closed","ping_status":"closed","template":"page-templates\/template-fullwidth.php","meta":{"footnotes":""},"_links":{"self":[{"href":"https:\/\/iga.gov.ba\/en\/wp-json\/wp\/v2\/pages\/322"}],"collection":[{"href":"https:\/\/iga.gov.ba\/en\/wp-json\/wp\/v2\/pages"}],"about":[{"href":"https:\/\/iga.gov.ba\/en\/wp-json\/wp\/v2\/types\/page"}],"author":[{"embeddable":true,"href":"https:\/\/iga.gov.ba\/en\/wp-json\/wp\/v2\/users\/1"}],"replies":[{"embeddable":true,"href":"https:\/\/iga.gov.ba\/en\/wp-json\/wp\/v2\/comments?post=322"}],"version-history":[{"count":5,"href":"https:\/\/iga.gov.ba\/en\/wp-json\/wp\/v2\/pages\/322\/revisions"}],"predecessor-version":[{"id":1007,"href":"https:\/\/iga.gov.ba\/en\/wp-json\/wp\/v2\/pages\/322\/revisions\/1007"}],"wp:attachment":[{"href":"https:\/\/iga.gov.ba\/en\/wp-json\/wp\/v2\/media?parent=322"}],"curies":[{"name":"wp","href":"https:\/\/api.w.org\/{rel}","templated":true}]}}