{"id":900,"date":"2019-07-06T22:09:43","date_gmt":"2019-07-06T22:09:43","guid":{"rendered":"http:\/\/iga.exnet.cloud\/?page_id=900"},"modified":"2019-07-09T20:52:46","modified_gmt":"2019-07-09T20:52:46","slug":"institucionalni-razvoj","status":"publish","type":"page","link":"https:\/\/iga.gov.ba\/en\/institucionalni-razvoj\/","title":{"rendered":"Institutional development"},"content":{"rendered":"<hr class=\"wp-block-separator\"\/>\n\n\n\n<figure class=\"wp-block-image is-resized\"><img decoding=\"async\" loading=\"lazy\" src=\"http:\/\/iga.exnet.cloud\/wp-content\/uploads\/2019\/07\/l21_160217033.jpg\" alt=\"\" class=\"wp-image-974\" width=\"863\" height=\"432\" srcset=\"https:\/\/iga.gov.ba\/wp-content\/uploads\/2019\/07\/l21_160217033.jpg 510w, https:\/\/iga.gov.ba\/wp-content\/uploads\/2019\/07\/l21_160217033-300x150.jpg 300w\" sizes=\"(max-width: 863px) 100vw, 863px\" \/><\/figure>\n\n\n\n<hr class=\"wp-block-separator\"\/>\n\n\n\n<p>Iga was established in October, 1996 as a State Agency with a goal of implementing the World Bank\u2019s project for urgent initiation of industry, alongside issuing guarantees from political and war risk to foreign investors and traders. Taking into account that during the project not one insured risk occurred, credit funds from the World Bank that were coverage for guarantees were freed up and had become available for support of export companies.<\/p>\n\n\n\n<hr class=\"wp-block-separator\"\/>\n\n\n\n<p>During 1999 IGA has began implementation of the World Bank\u2019s second project which is geared towards support of export companies in BiH. Available credit funds are provided to export companies through financing exporting preparation, securing guarantees for agreed upon transactions abroad, as well as capital for insuring export and import.<\/p>\n\n\n\n<hr class=\"wp-block-separator\"\/>\n\n\n\n<p>Considering that demand of export companies is becoming greater, IGA besides the World Bank\u2019s funds is securing funds from other sources, such as local and foreign banks, Lloyd\u2019s and other European reinsurers.<\/p>\n\n\n\n<hr class=\"wp-block-separator\"\/>\n\n\n\n<p>Parlament BiH 2004. godine donosi Zakon o Izvozno-kreditnoj  agenciji Bosne i Hercegovine i time utvr\u0111uje nastavak rada          IGE kao dr\u017eavne izvozno-kreditne agencije sa osniva\u010dkim  kapitalom od 52 miliona KM. IGA djeluje kao samostalno, nedepozitno          i neprofitno pravno lice u skladu sa principima o likvidnosti i  osiguranju poslovanja bez gubitka. <\/p>\n\n\n\n<hr class=\"wp-block-separator\"\/>","protected":false},"excerpt":{"rendered":"<p>IGA je osnovana u oktobru 1996. godine kao dr\u017eavna agencija sa ciljem implementacije projekta Svjetske banke za hitno pokretanje industrije, uz izdavanje garancija od politi\u010dkog i ratnog rizika stranim investitorima i trgovcima. S obzirom da se tokom trajanja projekta nije dogodio ni jedan od osiguranih rizika, sredstva iz kredita Svjetske banke, koja su bila anga\u017eovana [&hellip;]<\/p>","protected":false},"author":1,"featured_media":0,"parent":0,"menu_order":0,"comment_status":"closed","ping_status":"closed","template":"","meta":{"footnotes":""},"_links":{"self":[{"href":"https:\/\/iga.gov.ba\/en\/wp-json\/wp\/v2\/pages\/900"}],"collection":[{"href":"https:\/\/iga.gov.ba\/en\/wp-json\/wp\/v2\/pages"}],"about":[{"href":"https:\/\/iga.gov.ba\/en\/wp-json\/wp\/v2\/types\/page"}],"author":[{"embeddable":true,"href":"https:\/\/iga.gov.ba\/en\/wp-json\/wp\/v2\/users\/1"}],"replies":[{"embeddable":true,"href":"https:\/\/iga.gov.ba\/en\/wp-json\/wp\/v2\/comments?post=900"}],"version-history":[{"count":5,"href":"https:\/\/iga.gov.ba\/en\/wp-json\/wp\/v2\/pages\/900\/revisions"}],"predecessor-version":[{"id":1145,"href":"https:\/\/iga.gov.ba\/en\/wp-json\/wp\/v2\/pages\/900\/revisions\/1145"}],"wp:attachment":[{"href":"https:\/\/iga.gov.ba\/en\/wp-json\/wp\/v2\/media?parent=900"}],"curies":[{"name":"wp","href":"https:\/\/api.w.org\/{rel}","templated":true}]}}