{"id":903,"date":"2019-07-06T22:11:11","date_gmt":"2019-07-06T22:11:11","guid":{"rendered":"http:\/\/iga.exnet.cloud\/?page_id=903"},"modified":"2019-07-07T11:59:08","modified_gmt":"2019-07-07T11:59:08","slug":"uprava","status":"publish","type":"page","link":"https:\/\/iga.gov.ba\/en\/uprava\/","title":{"rendered":"Management"},"content":{"rendered":"<figure class=\"wp-block-image\"><img decoding=\"async\" loading=\"lazy\" width=\"1024\" height=\"375\" src=\"http:\/\/iga.exnet.cloud\/wp-content\/uploads\/2019\/07\/board-members-2-57bdb69c42c40-1024x375.jpg\" alt=\"\" class=\"wp-image-969\" srcset=\"https:\/\/iga.gov.ba\/wp-content\/uploads\/2019\/07\/board-members-2-57bdb69c42c40-1024x375.jpg 1024w, https:\/\/iga.gov.ba\/wp-content\/uploads\/2019\/07\/board-members-2-57bdb69c42c40-300x110.jpg 300w, https:\/\/iga.gov.ba\/wp-content\/uploads\/2019\/07\/board-members-2-57bdb69c42c40-768x281.jpg 768w, https:\/\/iga.gov.ba\/wp-content\/uploads\/2019\/07\/board-members-2-57bdb69c42c40-600x220.jpg 600w, https:\/\/iga.gov.ba\/wp-content\/uploads\/2019\/07\/board-members-2-57bdb69c42c40.jpg 1429w\" sizes=\"(max-width: 1024px) 100vw, 1024px\" \/><\/figure>\n\n\n\n<hr class=\"wp-block-separator\"\/>\n\n\n\n<p>IGA\u2019s Board of Directors was formed in 2013 in accordance with the Law on the Export Credit Agency of Bosnia and Herzegovina (Official Gazette 62\/2004). It is made up of five members, of which two are appointed from each entity, while one member is from BiH institutions. Selection and appointment of members for the Board of Directors is done by Bosnia and Herzegovina\u2019s Council of Ministers through the suggestion of entity governments and competent ministries of Bosnia and Herzegovina, on the principle of representation of the constituent peoples in Bosnia and Herzegovina. <\/p>\n\n\n\n<hr class=\"wp-block-separator\"\/>\n\n\n\n<p>Agency\u2019s Board of Directors consists of:<\/p>\n\n\n\n<hr class=\"wp-block-separator\"\/>\n\n\n\n<ol><li>Dragana La\u017eeti\u0107 - since August 2018<\/li><\/ol>\n\n\n\n<ol><li>Mirjana Vu\u010di\u0107 - since August 2018<\/li><li>Samir Iskri\u0107 - since August 2018<\/li><\/ol>\n\n\n\n<ol><li>Milorad \u0110ur\u0111evi\u0107 - since August 2018<\/li><li>Adisa Banovi\u0107 - since August 2018<\/li><\/ol>\n\n\n\n<hr class=\"wp-block-separator\"\/>\n\n\n\n<p>The president of the Board is Ms. Mirjana Vu\u010di\u0107.<\/p>\n\n\n\n<p>The deputy president of the Board is Mr. Milorad \u0110ur\u0111evi\u0107.<\/p>","protected":false},"excerpt":{"rendered":"<p>Upravni odbor Ige je formiran 2013. godine u skladu sa Zakonom o Izvozno-kreditnoj agenciji Bosne i Hercegovine (Slu\u017ebeni Glasnik 62\/2004). Sastoji se od pet \u010dlanova s tim da se po dva \u010dlana imenuju u ime svakog entiteta, dok je jedan \u010dlan iz institucija BiH. Izbor i imenovanje \u010dlanova Upravnog odbora vr\u0161i Vije\u0107e ministara Bosne i [&hellip;]<\/p>","protected":false},"author":1,"featured_media":0,"parent":0,"menu_order":0,"comment_status":"closed","ping_status":"closed","template":"","meta":{"footnotes":""},"_links":{"self":[{"href":"https:\/\/iga.gov.ba\/en\/wp-json\/wp\/v2\/pages\/903"}],"collection":[{"href":"https:\/\/iga.gov.ba\/en\/wp-json\/wp\/v2\/pages"}],"about":[{"href":"https:\/\/iga.gov.ba\/en\/wp-json\/wp\/v2\/types\/page"}],"author":[{"embeddable":true,"href":"https:\/\/iga.gov.ba\/en\/wp-json\/wp\/v2\/users\/1"}],"replies":[{"embeddable":true,"href":"https:\/\/iga.gov.ba\/en\/wp-json\/wp\/v2\/comments?post=903"}],"version-history":[{"count":6,"href":"https:\/\/iga.gov.ba\/en\/wp-json\/wp\/v2\/pages\/903\/revisions"}],"predecessor-version":[{"id":973,"href":"https:\/\/iga.gov.ba\/en\/wp-json\/wp\/v2\/pages\/903\/revisions\/973"}],"wp:attachment":[{"href":"https:\/\/iga.gov.ba\/en\/wp-json\/wp\/v2\/media?parent=903"}],"curies":[{"name":"wp","href":"https:\/\/api.w.org\/{rel}","templated":true}]}}