{"id":907,"date":"2019-07-06T22:12:00","date_gmt":"2019-07-06T22:12:00","guid":{"rendered":"http:\/\/iga.exnet.cloud\/?page_id=907"},"modified":"2020-09-11T16:12:52","modified_gmt":"2020-09-11T16:12:52","slug":"regulativa","status":"publish","type":"page","link":"https:\/\/iga.gov.ba\/en\/regulativa\/","title":{"rendered":"Regulations"},"content":{"rendered":"<figure class=\"wp-block-image is-resized\"><img decoding=\"async\" loading=\"lazy\" src=\"http:\/\/iga.exnet.cloud\/wp-content\/uploads\/2019\/07\/Law-1024x683.jpg\" alt=\"\" class=\"wp-image-1010\" width=\"837\" height=\"557\" srcset=\"https:\/\/iga.gov.ba\/wp-content\/uploads\/2019\/07\/Law-1024x683.jpg 1024w, https:\/\/iga.gov.ba\/wp-content\/uploads\/2019\/07\/Law-300x200.jpg 300w, https:\/\/iga.gov.ba\/wp-content\/uploads\/2019\/07\/Law-768x512.jpg 768w, https:\/\/iga.gov.ba\/wp-content\/uploads\/2019\/07\/Law-600x400.jpg 600w\" sizes=\"(max-width: 837px) 100vw, 837px\" \/><\/figure>\n\n\n\n<hr class=\"wp-block-separator\"\/>\n\n\n\n<p>In 2004, the BiH Parliament enacted a Law on the Export Credit Agency of Bosnia and Herzegovina and with that affirmed IGA\u2019s continuation of work as a State Export Credit Agency with a founding capital of 52 million KM. IGA operates as an independent, non-deposit and non-profit legal entity in accordance to principals on liquidity and insuring business without losses.<\/p>\n\n\n\n<hr class=\"wp-block-separator\"\/>\n\n\n\n<p>The goal of the Law on Establishing the Export Credit Agency BiH is to ensure conditions for stimulating export of goods and services from Bosnia and Herzegovina via insurance, financing, issuing guarantees, as well as establishing a base for development and promotion of Bosnia and Herzegovina\u2019s economic relations with foreign countries.<\/p>\n\n\n\n<hr class=\"wp-block-separator\"\/>\n\n\n\n<p>The Law on Establishing the Export Credit Agency BiH regulates the status, function, management and leadership, authorization, responsibilities and financing of IGA.<\/p>\n\n\n\n<hr class=\"wp-block-separator\"\/>\n\n\n\n<div class=\"wp-block-file\"><a href=\"http:\/\/iga.exnet.cloud\/wp-content\/uploads\/2019\/07\/ZakonEng.pdf\">Law on Export Credit Agency of BiH<\/a><a href=\"http:\/\/iga.exnet.cloud\/wp-content\/uploads\/2019\/07\/ZakonEng.pdf\" class=\"wp-block-file__button\" download>Download<\/a><\/div>\n\n\n\n<hr class=\"wp-block-separator\"\/>\n\n\n\n<p>Informacija o mehanizmima za efikasnu prevenciju i za\u0161titu od uznemiravanja na osnovu pola i seksualnog uznemiravanja na radnom mjestu u institucijama BiH <\/p>\n\n\n\n<hr class=\"wp-block-separator\"\/>\n\n\n\n<div class=\"wp-block-file\"><a href=\"https:\/\/iga.gov.ba\/wp-content\/uploads\/2020\/09\/20200910120440-1.pdf\">Odluka<\/a><a href=\"https:\/\/iga.gov.ba\/wp-content\/uploads\/2020\/09\/20200910120440-1.pdf\" class=\"wp-block-file__button\" download>Download<\/a><\/div>","protected":false},"excerpt":{"rendered":"<p>Parlament BiH 2004. godine donosi Zakon o Izvozno-kreditnoj agenciji Bosne i Hercegovine i time utvr\u0111uje nastavak rada IGE kao dr\u017eavne izvozno-kreditne agencije sa osniva\u010dkim kapitalom od 52 miliona KM. IGA djeluje kao samostalno, nedepozitno i neprofitno pravno lice u skladu sa principima o likvidnosti i osiguranju poslovanja bez gubitka. Cilj Zakona o osnivanju Izvozno-kreditne agencije [&hellip;]<\/p>","protected":false},"author":1,"featured_media":0,"parent":0,"menu_order":0,"comment_status":"closed","ping_status":"closed","template":"","meta":{"footnotes":""},"_links":{"self":[{"href":"https:\/\/iga.gov.ba\/en\/wp-json\/wp\/v2\/pages\/907"}],"collection":[{"href":"https:\/\/iga.gov.ba\/en\/wp-json\/wp\/v2\/pages"}],"about":[{"href":"https:\/\/iga.gov.ba\/en\/wp-json\/wp\/v2\/types\/page"}],"author":[{"embeddable":true,"href":"https:\/\/iga.gov.ba\/en\/wp-json\/wp\/v2\/users\/1"}],"replies":[{"embeddable":true,"href":"https:\/\/iga.gov.ba\/en\/wp-json\/wp\/v2\/comments?post=907"}],"version-history":[{"count":6,"href":"https:\/\/iga.gov.ba\/en\/wp-json\/wp\/v2\/pages\/907\/revisions"}],"predecessor-version":[{"id":1206,"href":"https:\/\/iga.gov.ba\/en\/wp-json\/wp\/v2\/pages\/907\/revisions\/1206"}],"wp:attachment":[{"href":"https:\/\/iga.gov.ba\/en\/wp-json\/wp\/v2\/media?parent=907"}],"curies":[{"name":"wp","href":"https:\/\/api.w.org\/{rel}","templated":true}]}}