{"id":909,"date":"2019-07-06T22:12:33","date_gmt":"2019-07-06T22:12:33","guid":{"rendered":"http:\/\/iga.exnet.cloud\/?page_id=909"},"modified":"2020-02-12T14:36:16","modified_gmt":"2020-02-12T14:36:16","slug":"finansijski-izvjestaji","status":"publish","type":"page","link":"https:\/\/iga.gov.ba\/en\/finansijski-izvjestaji\/","title":{"rendered":"Independant financial audits"},"content":{"rendered":"<p><\/p>\n\n\n\n<h2 class=\"wp-block-heading\">News<\/h2>\n\n\n\n<p>12.02.2020.<\/p>\n\n\n\n<p>U skladu sa \u010dlanom 28.stav 4. Zakona o javnim nabavkama (Sl.glasnik BiH br:39\/14), Izvozno kreditna agencija Bosne i Hercegovine \u201eIGA\u201c, objavljuje informaciju da \u0107e provesti pregovara\u010dki postupak bez objave obavje\u0161tenja, a za usluge me\u0111unarodne revizije finansijskih izvje\u0161taja za 2019. godinu. <\/p>\n\n\n\n<hr class=\"wp-block-separator\"\/>\n\n\n\n<p>Preuzimanje tenderske dokumentacije i detalji se mogu dobiti li\u010dno na adresi IGA-e, ulica Hamdije \u010cemerli\u0107a 2\/XVI, Sarajevo, do 17.02.2020, do 10 sati.<\/p>\n\n\n\n<hr class=\"wp-block-separator\"\/>\n\n\n\n<p>27.09.2019. <\/p>\n\n\n\n<hr class=\"wp-block-separator\"\/>\n\n\n\n<p>U skladu sa \u010dlanom 28.stav 4. Zakona o javnim nabavkama (Sl.glasnik BiH\nbr:39\/14), Izvozno kreditna agencija Bosne i Hercegovine \u201eIGA\u201c, objavljuje\ninformaciju da \u0107e provesti pregovara\u010dki postupak bez objave obavje\u0161tenja, a za\nusluge me\u0111unarodne revizije finansijskih izvjetaja. <\/p>\n\n\n\n<p>Preuzimanje tenderske dokumentacije i detalji se mogu dobiti li\u010dno na adresi IGA-e, ulica Hamdije \u010cemerli\u0107a 2\/XVI, Sarajevo, do 30.09.2019, do 10 sati.<\/p>\n\n\n\n<p><\/p>\n\n\n\n<hr class=\"wp-block-separator\"\/>\n\n\n\n<figure class=\"wp-block-image is-resized\"><img decoding=\"async\" loading=\"lazy\" src=\"http:\/\/iga.exnet.cloud\/wp-content\/uploads\/2019\/07\/Finansijski-izvjestaj.jpg\" alt=\"\" class=\"wp-image-1018\" width=\"807\" height=\"525\" srcset=\"https:\/\/iga.gov.ba\/wp-content\/uploads\/2019\/07\/Finansijski-izvjestaj.jpg 600w, https:\/\/iga.gov.ba\/wp-content\/uploads\/2019\/07\/Finansijski-izvjestaj-300x195.jpg 300w\" sizes=\"(max-width: 807px) 100vw, 807px\" \/><\/figure>\n\n\n\n<hr class=\"wp-block-separator\"\/>\n\n\n<h1>Independent financial audits<\/h1>\n<p>Note: On 04.June.2007. godine, IGA ceased to exist as d.o.o. legal form (limited liability company) and was transferred into Export Credit Agency of BiH. Last audit of IGA as LLC was made as of that date.<\/p>\n\n\n<hr class=\"wp-block-separator\"\/>\n\n\n\n<hr class=\"wp-block-separator\"\/>\n\n\n\n<table class=\"wp-block-table\"><tbody><tr><td>Period<\/td><td>Revizor<\/td><td>Veli\u010dina<\/td><\/tr><tr><td> 01.01.2015. &#8211; 31.12.2015.<\/td><td>Deloitte<\/td><td>Upon written request!<\/td><\/tr><tr><td> 01.01.2014. &#8211; 31.12.2014. <\/td><td>KPMG<\/td><td>Upon written request!<\/td><\/tr><tr><td> 01.01.2013. &#8211; 31.12.2013. <\/td><td>KPMG<\/td><td>Upon written request! <\/td><\/tr><tr><td> 01.01.2012. &#8211; 31.12.2012. <\/td><td>Deloitte<\/td><td><a href=\"https:\/\/iga.gov.ba\/wp-content\/uploads\/2019\/10\/IGA2012E.pdf\">2Mb<\/a><\/td><\/tr><tr><td> 01.01.2011. &#8211; 31.12.2011. <\/td><td>Deloitte<\/td><td><a href=\"https:\/\/iga.gov.ba\/wp-content\/uploads\/2019\/10\/IGA2011E.pdf\">1.7Mb<\/a><\/td><\/tr><tr><td> 01.01.2010. &#8211; 31.12.2010. <\/td><td>Deloitte <\/td><td><a href=\"https:\/\/iga.gov.ba\/wp-content\/uploads\/2019\/10\/IGA2010E.pdf\">1.8Mb<\/a><\/td><\/tr><tr><td> 01.01.2009. &#8211; 31.12.2009. <\/td><td>Deloitte  <\/td><td><a href=\"https:\/\/iga.gov.ba\/wp-content\/uploads\/2019\/10\/Fin2009Eng.pdf\">688Kb<\/a><\/td><\/tr><tr><td> 01.01.2008. &#8211; 31.12.2008.<\/td><td>Deloitte  <\/td><td><a href=\"https:\/\/iga.gov.ba\/wp-content\/uploads\/2019\/10\/Financial-statements-for-2008.pdf\">660Kb<\/a><\/td><\/tr><tr><td> 05.06.2007. &#8211; 31.12.2007. <\/td><td>Deloitte  <\/td><td><a href=\"https:\/\/iga.gov.ba\/wp-content\/uploads\/2019\/10\/05.06.-31.12.2007.eng_.pdf\">110Kb<\/a><\/td><\/tr><tr><td><\/td><td><\/td><td><\/td><\/tr><tr><td><\/td><td><\/td><td><\/td><\/tr><tr><td><\/td><td><\/td><td><\/td><\/tr><\/tbody><\/table>\n\n\n\n<hr class=\"wp-block-separator\"\/>\n\n\n\n<hr class=\"wp-block-separator\"\/>","protected":false},"excerpt":{"rendered":"<p>Novosti 12.02.2020. U skladu sa \u010dlanom 28.stav 4. Zakona o javnim nabavkama (Sl.glasnik BiH br:39\/14), Izvozno kreditna agencija Bosne i Hercegovine \u201eIGA\u201c, objavljuje informaciju da \u0107e provesti pregovara\u010dki postupak bez objave obavje\u0161tenja, a za usluge me\u0111unarodne revizije finansijskih izvje\u0161taja za 2019. godinu. Preuzimanje tenderske dokumentacije i detalji se mogu dobiti li\u010dno na adresi IGA-e, ulica [&hellip;]<\/p>","protected":false},"author":1,"featured_media":0,"parent":0,"menu_order":0,"comment_status":"closed","ping_status":"closed","template":"","meta":{"footnotes":""},"_links":{"self":[{"href":"https:\/\/iga.gov.ba\/en\/wp-json\/wp\/v2\/pages\/909"}],"collection":[{"href":"https:\/\/iga.gov.ba\/en\/wp-json\/wp\/v2\/pages"}],"about":[{"href":"https:\/\/iga.gov.ba\/en\/wp-json\/wp\/v2\/types\/page"}],"author":[{"embeddable":true,"href":"https:\/\/iga.gov.ba\/en\/wp-json\/wp\/v2\/users\/1"}],"replies":[{"embeddable":true,"href":"https:\/\/iga.gov.ba\/en\/wp-json\/wp\/v2\/comments?post=909"}],"version-history":[{"count":26,"href":"https:\/\/iga.gov.ba\/en\/wp-json\/wp\/v2\/pages\/909\/revisions"}],"predecessor-version":[{"id":1194,"href":"https:\/\/iga.gov.ba\/en\/wp-json\/wp\/v2\/pages\/909\/revisions\/1194"}],"wp:attachment":[{"href":"https:\/\/iga.gov.ba\/en\/wp-json\/wp\/v2\/media?parent=909"}],"curies":[{"name":"wp","href":"https:\/\/api.w.org\/{rel}","templated":true}]}}