{"id":911,"date":"2019-07-06T22:12:52","date_gmt":"2019-07-06T22:12:52","guid":{"rendered":"http:\/\/iga.exnet.cloud\/?page_id=911"},"modified":"2019-07-07T17:11:20","modified_gmt":"2019-07-07T17:11:20","slug":"korupcija","status":"publish","type":"page","link":"https:\/\/iga.gov.ba\/en\/korupcija\/","title":{"rendered":"Corruptions"},"content":{"rendered":"<h1 class=\"wp-block-heading\">PRAVILNIK O KORUPCIJI<\/h1>\n\n\n\n<hr class=\"wp-block-separator\"\/>\n\n\n\n<figure class=\"wp-block-image is-resized\"><img decoding=\"async\" loading=\"lazy\" src=\"http:\/\/iga.exnet.cloud\/wp-content\/uploads\/2019\/07\/korupcija-1024x768.jpg\" alt=\"\" class=\"wp-image-1070\" width=\"772\" height=\"579\" srcset=\"https:\/\/iga.gov.ba\/wp-content\/uploads\/2019\/07\/korupcija.jpg 1024w, https:\/\/iga.gov.ba\/wp-content\/uploads\/2019\/07\/korupcija-300x225.jpg 300w, https:\/\/iga.gov.ba\/wp-content\/uploads\/2019\/07\/korupcija-768x576.jpg 768w, https:\/\/iga.gov.ba\/wp-content\/uploads\/2019\/07\/korupcija-600x450.jpg 600w\" sizes=\"(max-width: 772px) 100vw, 772px\" \/><\/figure>\n\n\n\n<p><\/p>\n\n\n\n<hr class=\"wp-block-separator\"\/>\n\n\n\n<hr class=\"wp-block-separator\"\/>\n\n\n\n<p> Na osnovu \u010dlana 13. stav 1.b. Zakona o osnivanju Izvozno kreditne  agencije Bosne i Hercegovine (Slu\u017ebeni glasnik BiH broj 62\/04 od  30.12.2004. godine) i \u010dlana 5. stav 2. Statuta Izvozno kreditne agencije  Bosne i Hercegovine (Slu\u017ebeni glasnik BiH broj 99\/07 od 25.12.2007.  godine), a u skladu sa \u010dlanom 5.stav 2. Zakona o za\u0161titi lica koja  prijavljuju korupciju u institucijama Bosne i Hercegovine (Slu\u017ebeni  glasnik BiH broj 100\/13 od 23.12.2013. godine)  Upravni Odbor Izvozno  kreditne agencije Bosne i Hercegovine, je na 11. sjednici odr\u017eanoj dana  21.10.2014. godine, donio slijede\u0107i: <\/p>\n\n\n\n<hr class=\"wp-block-separator\"\/>\n\n\n\n<h1 class=\"wp-block-heading\">PRAVILNIK O PRIJAVI KORUPCIJE u IGA-e<\/h1>\n\n\n\n<hr class=\"wp-block-separator\"\/>\n\n\n\n<p> Tekst Pravilnika mo\u017eete pro\u010ditati <a href=\"http:\/\/iga.exnet.cloud\/wp-content\/uploads\/2019\/07\/Pravilnik_korupcija_IGA.doc\" target=\"_blank\" rel=\"noreferrer noopener\" aria-label=\" (opens in a new tab)\"> OVDJE <\/a><\/p>\n\n\n\n<hr class=\"wp-block-separator\"\/>\n\n\n\n<p>Odluka i obavije\u0161tenje o imenovanju komisije sa imenima \u010dlanova mo\u017eete pro\u010ditati <a href=\"http:\/\/iga.exnet.cloud\/wp-content\/uploads\/2019\/07\/komisija.pdf\" target=\"_blank\" rel=\"noreferrer noopener\" aria-label=\" (opens in a new tab)\">OVDJE <\/a><\/p>\n\n\n\n<hr class=\"wp-block-separator\"\/>\n\n\n\n<p>Obrazac &#8220;Prijavi Korupciju&#8221;, mo\u017eete na\u0107i <a href=\"http:\/\/iga.exnet.cloud\/wp-content\/uploads\/2019\/07\/obrazac_prijavi_korupciju.doc\" target=\"_blank\" rel=\"noreferrer noopener\" aria-label=\" (opens in a new tab)\"> OVDJE <\/a><\/p>\n\n\n\n<hr class=\"wp-block-separator\"\/>\n\n\n\n<p>E-mail adresa koja se koristi za prijavu korupcije je prijavi.korupciju@iga.gov.ba <\/p>\n\n\n\n<hr class=\"wp-block-separator\"\/>","protected":false},"excerpt":{"rendered":"<p>PRAVILNIK O KORUPCIJI Na osnovu \u010dlana 13. stav 1.b. Zakona o osnivanju Izvozno kreditne agencije Bosne i Hercegovine (Slu\u017ebeni glasnik BiH broj 62\/04 od 30.12.2004. godine) i \u010dlana 5. stav 2. Statuta Izvozno kreditne agencije Bosne i Hercegovine (Slu\u017ebeni glasnik BiH broj 99\/07 od 25.12.2007. godine), a u skladu sa \u010dlanom 5.stav 2. Zakona o [&hellip;]<\/p>","protected":false},"author":1,"featured_media":0,"parent":0,"menu_order":0,"comment_status":"closed","ping_status":"closed","template":"","meta":{"footnotes":""},"_links":{"self":[{"href":"https:\/\/iga.gov.ba\/en\/wp-json\/wp\/v2\/pages\/911"}],"collection":[{"href":"https:\/\/iga.gov.ba\/en\/wp-json\/wp\/v2\/pages"}],"about":[{"href":"https:\/\/iga.gov.ba\/en\/wp-json\/wp\/v2\/types\/page"}],"author":[{"embeddable":true,"href":"https:\/\/iga.gov.ba\/en\/wp-json\/wp\/v2\/users\/1"}],"replies":[{"embeddable":true,"href":"https:\/\/iga.gov.ba\/en\/wp-json\/wp\/v2\/comments?post=911"}],"version-history":[{"count":8,"href":"https:\/\/iga.gov.ba\/en\/wp-json\/wp\/v2\/pages\/911\/revisions"}],"predecessor-version":[{"id":1075,"href":"https:\/\/iga.gov.ba\/en\/wp-json\/wp\/v2\/pages\/911\/revisions\/1075"}],"wp:attachment":[{"href":"https:\/\/iga.gov.ba\/en\/wp-json\/wp\/v2\/media?parent=911"}],"curies":[{"name":"wp","href":"https:\/\/api.w.org\/{rel}","templated":true}]}}