{"id":989,"date":"2019-07-07T12:43:34","date_gmt":"2019-07-07T12:43:34","guid":{"rendered":"http:\/\/iga.exnet.cloud\/?page_id=989"},"modified":"2019-07-08T06:11:26","modified_gmt":"2019-07-08T06:11:26","slug":"asocijacije","status":"publish","type":"page","link":"https:\/\/iga.gov.ba\/en\/asocijacije\/","title":{"rendered":"Associations"},"content":{"rendered":"<p>PRAGUE CLUB<\/p>\n\n\n\n<figure class=\"wp-block-image\"><img decoding=\"async\" src=\"https:\/\/iga.gov.ba\/Images\/pragueClub.png\" alt=\"\"\/><\/figure>\n\n\n\n<hr class=\"wp-block-separator\"\/>\n\n\n\n<p>Prague Club&nbsp;<a href=\"http:\/\/www.berneunion.org.uk\/\" target=\"_blank\" rel=\"noreferrer noopener\">Berne Union<\/a>&nbsp;is an international association of new and existing insurers of export credit and investments. Its members are primarily countries from Central and Eastern Europe, while Iga has been a full member of the Prague Club since 1998. The Prague Club supports its members in development of their capacities and systems for export credit and investment insurance.<\/p>\n\n\n\n<hr class=\"wp-block-separator\"\/>\n\n\n\n<p>Jedna od najva\u017enijih aktivnosti Pra\u0161kog kluba je uspostavljanje saradnje i razmjena informacija i iskustava izme\u0111u izvozno-kreditnih agencija putem redovnih sastanaka koji se odr\u017eavaju dva puta godi\u0161nje. IGA je bila doma\u0107in sastanka Pra\u0161kog kluba koji je odr\u017ean u periodu od 29. novembra do 01. decembra 2005nivou operacije obezbje\u0111ena ne rizi\u010dna izvozna prodaja, nego ovakva \u0161ema dozvoljava izvozniku da nudi robu po povoljnijim uslovima svojim ino kupcima. Manji su tro\u0161kovi administracije i dokumentacije, a ve\u0107a u\u0161teda dragocjenog vremena i za izvoznika i za njegovog kupca.<\/p>\n\n\n\n<hr class=\"wp-block-separator\"\/>\n\n\n\n<p><br><\/p>","protected":false},"excerpt":{"rendered":"<p>PRA\u0160KI KLUB Pra\u0161ki klub&nbsp;Bernske unije&nbsp;je me\u0111unarodna asocijacija novih i postoje\u0107ih osiguravatelja izvoznih kredita i investicija. Njegovi \u010dlanovi su prvenstveno bile zemlje iz srednje i isto\u010dne Evrope, da bi se kasnije pro\u0161irio i sa \u010dlanicama iz Afrike i Azije. IGA je punopravni \u010dlan Pra\u0161kog kluba od 1998. godine. Pra\u0161ki klub podr\u017eava svoje \u010dlanove u razvoju njihovih [&hellip;]<\/p>","protected":false},"author":1,"featured_media":0,"parent":0,"menu_order":0,"comment_status":"closed","ping_status":"closed","template":"","meta":{"footnotes":""},"_links":{"self":[{"href":"https:\/\/iga.gov.ba\/en\/wp-json\/wp\/v2\/pages\/989"}],"collection":[{"href":"https:\/\/iga.gov.ba\/en\/wp-json\/wp\/v2\/pages"}],"about":[{"href":"https:\/\/iga.gov.ba\/en\/wp-json\/wp\/v2\/types\/page"}],"author":[{"embeddable":true,"href":"https:\/\/iga.gov.ba\/en\/wp-json\/wp\/v2\/users\/1"}],"replies":[{"embeddable":true,"href":"https:\/\/iga.gov.ba\/en\/wp-json\/wp\/v2\/comments?post=989"}],"version-history":[{"count":3,"href":"https:\/\/iga.gov.ba\/en\/wp-json\/wp\/v2\/pages\/989\/revisions"}],"predecessor-version":[{"id":1135,"href":"https:\/\/iga.gov.ba\/en\/wp-json\/wp\/v2\/pages\/989\/revisions\/1135"}],"wp:attachment":[{"href":"https:\/\/iga.gov.ba\/en\/wp-json\/wp\/v2\/media?parent=989"}],"curies":[{"name":"wp","href":"https:\/\/api.w.org\/{rel}","templated":true}]}}